{"id":64,"date":"2025-08-25T16:05:13","date_gmt":"2025-08-25T22:05:13","guid":{"rendered":"https:\/\/grupocastelli.local\/?page_id=64"},"modified":"2026-02-13T17:54:57","modified_gmt":"2026-02-13T23:54:57","slug":"servicios","status":"publish","type":"page","link":"https:\/\/grupocastelli.com\/en\/servicios\/","title":{"rendered":"Services"},"content":{"rendered":"<section class=\"section\" id=\"section_1144372495\">\n\t\t<div class=\"section-bg fill\" >\n\t\t\t<img loading=\"lazy\" decoding=\"async\" width=\"1600\" height=\"417\" src=\"https:\/\/grupocastelli.com\/wp-content\/uploads\/2025\/08\/Slide-Servicios.jpg\" class=\"bg attachment-original size-original\" alt=\"\" \/>\t\t\t\t\t\t\n\t\t\t\n\n\t\t<\/div>\n\n\t\t\n\n\t\t<div class=\"section-content relative\">\n\t\t\t\n\n<div class=\"row row-full-width\"  id=\"row-398066939\">\n\n\n\t<div id=\"col-1407703189\" class=\"col small-12 large-12\"  >\n\t\t\t\t<div class=\"col-inner text-center\"  >\n\t\t\t\n\t\t\t\n\n\t<div id=\"text-3067609187\" class=\"text\">\n\t\t\n\n<h2><strong>Proyectos Industriales,<\/strong><\/h2>\n<h2><strong>Comerciales y Residenciales<\/strong><\/h2>\n\t\t\n<style>\n#text-3067609187 {\n  font-size: 2rem;\n  text-align: left;\n  color: rgb(255, 255, 255);\n}\n#text-3067609187 > * {\n  color: rgb(255, 255, 255);\n}\n<\/style>\n\t<\/div>\n\t\n\n\t\t<\/div>\n\t\t\t\t\t<\/div>\n\n\t\n\n<\/div>\n\n\t\t<\/div>\n\n\t\t\n<style>\n#section_1144372495 {\n  padding-top: 0px;\n  padding-bottom: 0px;\n  min-height: 400px;\n}\n<\/style>\n\t<\/section>\n\t\n\n\t<section class=\"section\" id=\"section_91815221\">\n\t\t<div class=\"section-bg fill\" >\n\t\t\t\t\t\t\t\t\t\n\t\t\t\n\t<div class=\"is-border\"\n\t\tstyle=\"border-width:0px 0px 0px 0px;\">\n\t<\/div>\n\n\t\t<\/div>\n\n\t\t\n\n\t\t<div class=\"section-content relative\">\n\t\t\t\n\n<div class=\"row row-full-width\"  id=\"row-1346504600\">\n\n\n\t<div id=\"col-1961399193\" class=\"col small-12 large-12\"  data-animate=\"bounceIn\">\n\t\t\t\t<div class=\"col-inner text-center\"  >\n\t\t\t\n\t\t\t\n\n<div class=\"container section-title-container titulos-arq\" style=\"max-width:1600px;\"><h1 class=\"section-title section-title-center\"><b><\/b><span class=\"section-title-main\" style=\"font-size:140%;color:rgb(0, 0, 0);\">NUESTROS SERVICIOS<\/span><b><\/b><\/h1><\/div>\n\n\n\t\t<\/div>\n\t\t\t\t\t<\/div>\n\n\t\n\n\n<style>\n#row-1346504600 > .col > .col-inner {\n  padding: 50px 0px 0px 0px;\n}\n<\/style>\n<\/div>\n\n\t\t<\/div>\n\n\t\t\n<style>\n#section_91815221 {\n  padding-top: 0px;\n  padding-bottom: 0px;\n}\n<\/style>\n\t<\/section>\n\t\n\n\t<section class=\"section dark\" id=\"section_1343404172\">\n\t\t<div class=\"section-bg fill\" >\n\t\t\t\t\t\t\t\t\t<div class=\"section-bg-overlay absolute fill\"><\/div>\n\t\t\t\n\n\t\t<\/div>\n\n\t\t\n\t<div class=\"ux-shape-divider ux-shape-divider--bottom ux-shape-divider--style-arrow-2\">\n\t\t<svg viewbox=\"0 0 1000 100\" xmlns=\"http:\/\/www.w3.org\/2000\/svg\" preserveaspectratio=\"none\">\n\t<path class=\"ux-shape-fill\" d=\"M1000 100H0L0 96H480.929C482.255 96 483.527 95.4732 484.464 94.5355L497.879 81.1213C499.05 79.9497 500.95 79.9497 502.121 81.1213L515.536 94.5355C516.473 95.4732 517.745 96 519.071 96H1000V100Z\"\/>\n<\/svg>\n\t<\/div>\n\n\t\t<div class=\"section-content relative\">\n\t\t\t\n\n<div class=\"row row-collapse row-full-width align-middle align-center\"  id=\"row-948308145\">\n\n\n\t<div id=\"col-1890916814\" class=\"col medium-4 small-12 large-4\"  data-animate=\"bounceIn\">\n\t\t\t\t<div class=\"col-inner\"  >\n\t\t\t\n\t\t\t\n\n\t<div id=\"text-884816739\" class=\"text\">\n\t\t\n\n<p>En Grupo Castelli, ofrecemos un portafolio integral de servicios dise\u00f1ado para satisfacer las necesidades de nuestros clientes en sectores industriales, comerciales y corporativos. <\/p>\n\t\t\n<style>\n#text-884816739 {\n  font-size: 1.1rem;\n  text-align: center;\n  color: rgb(0,0,0);\n}\n#text-884816739 > * {\n  color: rgb(0,0,0);\n}\n<\/style>\n\t<\/div>\n\t\n\n\t\t<\/div>\n\t\t\t\t\t<\/div>\n\n\t\n\n<\/div>\n\n\t\t<\/div>\n\n\t\t\n<style>\n#section_1343404172 {\n  padding-top: 40px;\n  padding-bottom: 40px;\n  margin-bottom: 70px;\n  background-color: rgb(220, 220, 220);\n}\n#section_1343404172 .section-bg-overlay {\n  background-color: rgba(255, 255, 255, 0.407);\n}\n#section_1343404172 .section-bg img {\n  object-position: 48% 40%;\n}\n#section_1343404172 .ux-shape-divider--bottom svg {\n  height: 150px;\n  --divider-width: 100%;\n}\n<\/style>\n\t<\/section>\n\t\n\n\t<section class=\"section\" id=\"section_313562667\">\n\t\t<div class=\"section-bg fill\" >\n\t\t\t\t\t\t\t\t\t\n\t\t\t\n\n\t\t<\/div>\n\n\t\t\n\n\t\t<div class=\"section-content relative\">\n\t\t\t\n\n<div class=\"row row-full-width align-equal align-center\"  id=\"row-775766937\">\n\n\n\t<div id=\"col-369779249\" class=\"col medium-9 small-12 large-4\"  >\n\t\t\t\t<div class=\"col-inner box-shadow-2\"  >\n\t\t\t\n\t\t\t\n\n\t<div class=\"box has-hover   has-hover box-text-bottom\" >\n\n\t\t<div class=\"box-image\" style=\"border-radius:2%;\">\n\t\t\t\t\t\t<div class=\"\" >\n\t\t\t\t<img loading=\"lazy\" decoding=\"async\" width=\"1000\" height=\"600\" src=\"https:\/\/grupocastelli.com\/wp-content\/uploads\/2025\/08\/Servicios-Arquitectura.jpg\" class=\"attachment- size-\" alt=\"\" srcset=\"https:\/\/grupocastelli.com\/wp-content\/uploads\/2025\/08\/Servicios-Arquitectura.jpg 1000w, https:\/\/grupocastelli.com\/wp-content\/uploads\/2025\/08\/Servicios-Arquitectura-300x180.jpg 300w, https:\/\/grupocastelli.com\/wp-content\/uploads\/2025\/08\/Servicios-Arquitectura-768x461.jpg 768w\" sizes=\"auto, (max-width: 1000px) 100vw, 1000px\" \/>\t\t\t\t\t\t\t\t\t\t\t<\/div>\n\t\t\t\t\t<\/div>\n\n\t\t<div class=\"box-text text-center\" >\n\t\t\t<div class=\"box-text-inner\">\n\t\t\t\t\n\n\n\n<div class=\"contenedor-icono-servicios\">\n        <div class=\"titulo-texto-servicios\">\n            <h2>Architecture<\/h2>\n            <p>Dise\u00f1amos y planificamos proyectos que combinan funcionalidad, eficiencia y est\u00e9tica.\n                Nuestro enfoque personalizado garantiza soluciones arquitect\u00f3nicas adaptadas a los\n                requerimientos espec\u00edficos de cada cliente, maximizando el valor de sus inversiones.<\/p>\n        <\/div>\n<img decoding=\"async\" class=\"img-servicios ser-arquitectura\"\n            src=\"https:\/\/grupocastelli.com\/wp-content\/uploads\/2025\/08\/Servicios-Arquitectura.png\" alt=\"\">\n    <\/div>\n\n\n\t\t\t<\/div>\n\t\t<\/div>\n\t<\/div>\n\t\n\n\t\t<\/div>\n\t\t\t\t\n<style>\n#col-369779249 > .col-inner {\n  border-radius: 10px;\n}\n<\/style>\n\t<\/div>\n\n\t\n\n\t<div id=\"col-1072267242\" class=\"col medium-9 small-12 large-4\"  >\n\t\t\t\t<div class=\"col-inner box-shadow-2\"  >\n\t\t\t\n\t\t\t\n\n\t<div class=\"box has-hover   has-hover box-text-bottom\" >\n\n\t\t<div class=\"box-image\" style=\"border-radius:2%;\">\n\t\t\t\t\t\t<div class=\"\" >\n\t\t\t\t<img loading=\"lazy\" decoding=\"async\" width=\"1000\" height=\"600\" src=\"https:\/\/grupocastelli.com\/wp-content\/uploads\/2025\/08\/Servicios-Ingenierias.jpg\" class=\"attachment- size-\" alt=\"\" srcset=\"https:\/\/grupocastelli.com\/wp-content\/uploads\/2025\/08\/Servicios-Ingenierias.jpg 1000w, https:\/\/grupocastelli.com\/wp-content\/uploads\/2025\/08\/Servicios-Ingenierias-300x180.jpg 300w, https:\/\/grupocastelli.com\/wp-content\/uploads\/2025\/08\/Servicios-Ingenierias-768x461.jpg 768w\" sizes=\"auto, (max-width: 1000px) 100vw, 1000px\" \/>\t\t\t\t\t\t\t\t\t\t\t<\/div>\n\t\t\t\t\t<\/div>\n\n\t\t<div class=\"box-text text-center\" >\n\t\t\t<div class=\"box-text-inner\">\n\t\t\t\t\n\n\n\n<div class=\"contenedor-icono-servicios\">\n      <div class=\"titulo-texto-servicios\">\n        <h2>Ingenier\u00edas<\/h2>\n      <p>Integramos todas las disciplinas t\u00e9cnicas necesarias para el desarrollo de proyectos de alta complejidad. Desde ingenier\u00eda civil y estructural hasta el\u00e9ctrica y mec\u00e1nica, aseguramos soluciones t\u00e9cnicas innovadoras que optimizan la operaci\u00f3n, seguridad y sostenibilidad de las instalaciones.<\/p>\n      <\/div>\n      <img decoding=\"async\" class=\"img-servicios ser-arquitectura\" src=\"https:\/\/grupocastelli.com\/wp-content\/uploads\/2025\/08\/Servicios-Ingenierias.png\" alt=\"\">\n    <\/div>\n\n\n\t\t\t<\/div>\n\t\t<\/div>\n\t<\/div>\n\t\n\n\t\t<\/div>\n\t\t\t\t\n<style>\n#col-1072267242 > .col-inner {\n  border-radius: 10px;\n}\n<\/style>\n\t<\/div>\n\n\t\n\n\t<div id=\"col-2015511056\" class=\"col medium-9 small-12 large-4\"  >\n\t\t\t\t<div class=\"col-inner box-shadow-2\"  >\n\t\t\t\n\t\t\t\n\n\t<div class=\"box has-hover   has-hover box-text-bottom\" >\n\n\t\t<div class=\"box-image\" style=\"border-radius:2%;\">\n\t\t\t\t\t\t<div class=\"\" >\n\t\t\t\t<img loading=\"lazy\" decoding=\"async\" width=\"1000\" height=\"600\" src=\"https:\/\/grupocastelli.com\/wp-content\/uploads\/2025\/08\/constru.jpg\" class=\"attachment- size-\" alt=\"\" srcset=\"https:\/\/grupocastelli.com\/wp-content\/uploads\/2025\/08\/constru.jpg 1000w, https:\/\/grupocastelli.com\/wp-content\/uploads\/2025\/08\/constru-300x180.jpg 300w, https:\/\/grupocastelli.com\/wp-content\/uploads\/2025\/08\/constru-768x461.jpg 768w\" sizes=\"auto, (max-width: 1000px) 100vw, 1000px\" \/>\t\t\t\t\t\t\t\t\t\t\t<\/div>\n\t\t\t\t\t<\/div>\n\n\t\t<div class=\"box-text text-center\" >\n\t\t\t<div class=\"box-text-inner\">\n\t\t\t\t\n\n\n\n<div class=\"contenedor-icono-servicios\">\n      <div class=\"titulo-texto-servicios\">\n        <h2>Construcci\u00f3n y fabricaci\u00f3n de vigas<\/h2>\n      <p>Nos especializamos en la construcci\u00f3n de obras completas y la fabricaci\u00f3n de vigas estructurales en concreto y acero. Aseguramos calidad, precisi\u00f3n y cumplimiento en cada etapa del proyecto.<\/p>\n      <\/div>\n      <img decoding=\"async\" class=\"img-servicios ser-arquitectura\" src=\"https:\/\/grupocastelli.com\/wp-content\/uploads\/2025\/08\/Servicios-Vigas.png\" alt=\"\">\n    <\/div>\n\n\n\t\t\t<\/div>\n\t\t<\/div>\n\t<\/div>\n\t\n\n\t\t<\/div>\n\t\t\t\t\n<style>\n#col-2015511056 > .col-inner {\n  border-radius: 10px;\n}\n<\/style>\n\t<\/div>\n\n\t\n\n<\/div>\n<div class=\"row row-full-width align-equal align-center\"  id=\"row-89232711\">\n\n\n\t<div id=\"col-78814708\" class=\"col medium-9 small-12 large-4\"  >\n\t\t\t\t<div class=\"col-inner box-shadow-2\"  >\n\t\t\t\n\t\t\t\n\n\t<div class=\"box has-hover   has-hover box-text-bottom\" >\n\n\t\t<div class=\"box-image\" style=\"border-radius:2%;\">\n\t\t\t\t\t\t<div class=\"\" >\n\t\t\t\t<img loading=\"lazy\" decoding=\"async\" width=\"1000\" height=\"600\" src=\"https:\/\/grupocastelli.com\/wp-content\/uploads\/2025\/08\/Servicios-Admon-Proyectos.jpg\" class=\"attachment- size-\" alt=\"\" srcset=\"https:\/\/grupocastelli.com\/wp-content\/uploads\/2025\/08\/Servicios-Admon-Proyectos.jpg 1000w, https:\/\/grupocastelli.com\/wp-content\/uploads\/2025\/08\/Servicios-Admon-Proyectos-300x180.jpg 300w, https:\/\/grupocastelli.com\/wp-content\/uploads\/2025\/08\/Servicios-Admon-Proyectos-768x461.jpg 768w\" sizes=\"auto, (max-width: 1000px) 100vw, 1000px\" \/>\t\t\t\t\t\t\t\t\t\t\t<\/div>\n\t\t\t\t\t<\/div>\n\n\t\t<div class=\"box-text text-center\" >\n\t\t\t<div class=\"box-text-inner\">\n\t\t\t\t\n\n\n\n<div class=\"contenedor-icono-servicios\">\n      <div class=\"titulo-texto-servicios\">\n        <h2>Administraci\u00f3n de proyectos<\/h2>\n      <p>Gestionamos cada etapa de tu proyecto con precisi\u00f3n y transparencia. Nuestro equipo experto coordina recursos, tiempos y costos para garantizar la entrega puntual y conforme a los est\u00e1ndares de calidad m\u00e1s altos, siempre alineados con tus objetivos empresariales.<\/p>\n      <\/div>\n      <img decoding=\"async\" class=\"img-servicios ser-arquitectura\" src=\"https:\/\/grupocastelli.com\/wp-content\/uploads\/2025\/08\/Servicios-Administracion.png\" alt=\"\">\n    <\/div>\n\n\n\t\t\t<\/div>\n\t\t<\/div>\n\t<\/div>\n\t\n\n\t\t<\/div>\n\t\t\t\t\n<style>\n#col-78814708 > .col-inner {\n  border-radius: 10px;\n}\n<\/style>\n\t<\/div>\n\n\t\n\n\t<div id=\"col-529414502\" class=\"col medium-9 small-12 large-4\"  >\n\t\t\t\t<div class=\"col-inner box-shadow-2\"  >\n\t\t\t\n\t\t\t\n\n\t<div class=\"box has-hover   has-hover box-text-bottom\" >\n\n\t\t<div class=\"box-image\" style=\"border-radius:2%;\">\n\t\t\t\t\t\t<div class=\"\" >\n\t\t\t\t<img loading=\"lazy\" decoding=\"async\" width=\"1000\" height=\"600\" src=\"https:\/\/grupocastelli.com\/wp-content\/uploads\/2025\/08\/Servicios-Coordinacion-Supervision.jpg\" class=\"attachment- size-\" alt=\"\" srcset=\"https:\/\/grupocastelli.com\/wp-content\/uploads\/2025\/08\/Servicios-Coordinacion-Supervision.jpg 1000w, https:\/\/grupocastelli.com\/wp-content\/uploads\/2025\/08\/Servicios-Coordinacion-Supervision-300x180.jpg 300w, https:\/\/grupocastelli.com\/wp-content\/uploads\/2025\/08\/Servicios-Coordinacion-Supervision-768x461.jpg 768w\" sizes=\"auto, (max-width: 1000px) 100vw, 1000px\" \/>\t\t\t\t\t\t\t\t\t\t\t<\/div>\n\t\t\t\t\t<\/div>\n\n\t\t<div class=\"box-text text-center\" >\n\t\t\t<div class=\"box-text-inner\">\n\t\t\t\t\n\n\n\n<div class=\"contenedor-icono-servicios\">\n      <div class=\"titulo-texto-servicios\">\n        <h2>Coordinaci\u00f3n y supervisi\u00f3n de obra<\/h2>\n      <p>Supervisamos la ejecuci\u00f3n del proyecto para asegurar calidad, tiempos y costos, coordinando a todos los especialistas y cuidando que todo se construya seg\u00fan el dise\u00f1o original.<\/p>\n      <\/div>\n      <img decoding=\"async\" class=\"img-servicios ser-arquitectura\" src=\"https:\/\/grupocastelli.com\/wp-content\/uploads\/2025\/08\/Servicios-Coordinacion.png\" alt=\"\">\n    <\/div>\n\n\n\t\t\t<\/div>\n\t\t<\/div>\n\t<\/div>\n\t\n\n\t\t<\/div>\n\t\t\t\t\n<style>\n#col-529414502 > .col-inner {\n  border-radius: 10px;\n}\n<\/style>\n\t<\/div>\n\n\t\n\n\t<div id=\"col-128074547\" class=\"col medium-9 small-12 large-4\"  >\n\t\t\t\t<div class=\"col-inner box-shadow-2\"  >\n\t\t\t\n\t\t\t\n\n\t<div class=\"box has-hover   has-hover box-text-bottom\" >\n\n\t\t<div class=\"box-image\" style=\"border-radius:2%;\">\n\t\t\t\t\t\t<div class=\"\" >\n\t\t\t\t<img loading=\"lazy\" decoding=\"async\" width=\"1000\" height=\"600\" src=\"https:\/\/grupocastelli.com\/wp-content\/uploads\/2025\/08\/Servicios-Asesoria-Legal.jpg\" class=\"attachment- size-\" alt=\"\" srcset=\"https:\/\/grupocastelli.com\/wp-content\/uploads\/2025\/08\/Servicios-Asesoria-Legal.jpg 1000w, https:\/\/grupocastelli.com\/wp-content\/uploads\/2025\/08\/Servicios-Asesoria-Legal-300x180.jpg 300w, https:\/\/grupocastelli.com\/wp-content\/uploads\/2025\/08\/Servicios-Asesoria-Legal-768x461.jpg 768w\" sizes=\"auto, (max-width: 1000px) 100vw, 1000px\" \/>\t\t\t\t\t\t\t\t\t\t\t<\/div>\n\t\t\t\t\t<\/div>\n\n\t\t<div class=\"box-text text-center\" >\n\t\t\t<div class=\"box-text-inner\">\n\t\t\t\t\n\n\n\n<div class=\"contenedor-icono-servicios\">\n      <div class=\"titulo-texto-servicios\">\n        <h2>Asesor\u00eda legal aplicada a la construcci\u00f3n<\/h2>\n      <p>Proveemos soporte legal integral para garantizar la conformidad normativa de tu proyecto. Desde la gesti\u00f3n de permisos y licencias hasta la revisi\u00f3n de contratos, aseguramos una ejecuci\u00f3n sin contratiempos legales, protegiendo tus intereses en cada etapa.<\/p>\n      <\/div>\n      <img decoding=\"async\" class=\"img-servicios ser-arquitectura\" src=\"https:\/\/grupocastelli.com\/wp-content\/uploads\/2025\/08\/Servicios-Asesoria.png\" alt=\"\">\n    <\/div>\n\n\n\t\t\t<\/div>\n\t\t<\/div>\n\t<\/div>\n\t\n\n\t\t<\/div>\n\t\t\t\t\n<style>\n#col-128074547 > .col-inner {\n  border-radius: 10px;\n}\n<\/style>\n\t<\/div>\n\n\t\n\n<\/div>\n\n\t\t<\/div>\n\n\t\t\n<style>\n#section_313562667 {\n  padding-top: 30px;\n  padding-bottom: 30px;\n}\n<\/style>\n\t<\/section>","protected":false},"excerpt":{"rendered":"","protected":false},"author":4,"featured_media":0,"parent":0,"menu_order":0,"comment_status":"closed","ping_status":"closed","template":"page-transparent-header-light.php","meta":{"footnotes":""},"class_list":["post-64","page","type-page","status-publish","hentry"],"_links":{"self":[{"href":"https:\/\/grupocastelli.com\/en\/wp-json\/wp\/v2\/pages\/64","targetHints":{"allow":["GET"]}}],"collection":[{"href":"https:\/\/grupocastelli.com\/en\/wp-json\/wp\/v2\/pages"}],"about":[{"href":"https:\/\/grupocastelli.com\/en\/wp-json\/wp\/v2\/types\/page"}],"author":[{"embeddable":true,"href":"https:\/\/grupocastelli.com\/en\/wp-json\/wp\/v2\/users\/4"}],"replies":[{"embeddable":true,"href":"https:\/\/grupocastelli.com\/en\/wp-json\/wp\/v2\/comments?post=64"}],"version-history":[{"count":3,"href":"https:\/\/grupocastelli.com\/en\/wp-json\/wp\/v2\/pages\/64\/revisions"}],"predecessor-version":[{"id":842,"href":"https:\/\/grupocastelli.com\/en\/wp-json\/wp\/v2\/pages\/64\/revisions\/842"}],"wp:attachment":[{"href":"https:\/\/grupocastelli.com\/en\/wp-json\/wp\/v2\/media?parent=64"}],"curies":[{"name":"wp","href":"https:\/\/api.w.org\/{rel}","templated":true}]}}