{"id":52,"date":"2025-08-25T15:44:41","date_gmt":"2025-08-25T21:44:41","guid":{"rendered":"https:\/\/grupocastelli.local\/?page_id=52"},"modified":"2026-04-17T11:56:51","modified_gmt":"2026-04-17T17:56:51","slug":"ingenierias","status":"publish","type":"page","link":"https:\/\/grupocastelli.com\/en\/ingenierias\/","title":{"rendered":"Engineries"},"content":{"rendered":"<section class=\"section\" id=\"section_1154227134\">\n\t\t<div class=\"section-bg fill\" >\n\t\t\t<img loading=\"lazy\" decoding=\"async\" width=\"1600\" height=\"417\" src=\"https:\/\/grupocastelli.com\/wp-content\/uploads\/2025\/08\/Slide-Ingenierias.jpg\" class=\"bg attachment-original size-original\" alt=\"\" \/>\t\t\t\t\t\t\n\t\t\t\n\n\t\t<\/div>\n\n\t\t\n\n\t\t<div class=\"section-content relative\">\n\t\t\t\n\n<div class=\"row row-full-width align-middle align-center\"  id=\"row-1778325544\">\n\n\n\t<div id=\"col-910723767\" class=\"col small-12 large-12\"  >\n\t\t\t\t<div class=\"col-inner text-center\"  >\n\t\t\t\n\t\t\t\n\n\t<div id=\"text-3703452320\" class=\"text\">\n\t\t\n\n<h2>Eficientes, Firmes y <br \/>Funcionales<\/h2>\n\t\t\n<style>\n#text-3703452320 {\n  font-size: 2rem;\n  text-align: left;\n  color: rgb(255, 255, 255);\n}\n#text-3703452320 > * {\n  color: rgb(255, 255, 255);\n}\n<\/style>\n\t<\/div>\n\t\n\n\t\t<\/div>\n\t\t\t\t\t<\/div>\n\n\t\n\n<\/div>\n\n\t\t<\/div>\n\n\t\t\n<style>\n#section_1154227134 {\n  padding-top: 30px;\n  padding-bottom: 30px;\n  min-height: 400px;\n}\n<\/style>\n\t<\/section>\n\t\n\n\t<section class=\"section\" id=\"section_372956616\">\n\t\t<div class=\"section-bg fill\" >\n\t\t\t\t\t\t\t\t\t\n\t\t\t\n\n\t\t<\/div>\n\n\t\t\n\n\t\t<div class=\"section-content relative\">\n\t\t\t\n\n<div class=\"is-divider divider clearfix\" style=\"background-color:rgba(255, 255, 255, 0);\"><\/div>\n\n\n\t\t<\/div>\n\n\t\t\n<style>\n#section_372956616 {\n  padding-top: 0px;\n  padding-bottom: 0px;\n}\n<\/style>\n\t<\/section>\n\t\n\n\t<section class=\"section\" id=\"section_385592444\">\n\t\t<div class=\"section-bg fill\" >\n\t\t\t<img loading=\"lazy\" decoding=\"async\" width=\"1600\" height=\"900\" src=\"https:\/\/grupocastelli.com\/wp-content\/uploads\/2025\/08\/bk-contact.png\" class=\"bg attachment-original size-original\" alt=\"\" \/>\t\t\t\t\t\t\n\t\t\t\n\n\t\t<\/div>\n\n\t\t\n\n\t\t<div class=\"section-content relative\">\n\t\t\t\n\n<div class=\"row align-middle\"  id=\"row-2024046775\">\n\n\n\t<div id=\"col-2078659156\" class=\"col medium-6 small-12 large-6\"  >\n\t\t\t\t<div class=\"col-inner\"  >\n\t\t\t\n\t\t\t\n\n\t<div class=\"img has-hover x md-x lg-x y md-y lg-y\" id=\"image_1457082615\">\n\t\t\t\t\t\t\t\t<div class=\"img-inner dark\" >\n\t\t\t<img loading=\"lazy\" decoding=\"async\" width=\"600\" height=\"400\" src=\"https:\/\/grupocastelli.com\/wp-content\/uploads\/2026\/02\/Ingenierias-img.jpg\" class=\"attachment-original size-original\" alt=\"\" srcset=\"https:\/\/grupocastelli.com\/wp-content\/uploads\/2026\/02\/Ingenierias-img.jpg 600w, https:\/\/grupocastelli.com\/wp-content\/uploads\/2026\/02\/Ingenierias-img-300x200.jpg 300w, https:\/\/grupocastelli.com\/wp-content\/uploads\/2026\/02\/Ingenierias-img-18x12.jpg 18w\" sizes=\"auto, (max-width: 600px) 100vw, 600px\" \/>\t\t\t\t\t\t\n\t\t\t\t\t<\/div>\n\t\t\t\t\t\t\t\t\n<style>\n#image_1457082615 {\n  width: 100%;\n}\n<\/style>\n\t<\/div>\n\t\n\n\n\t\t<\/div>\n\t\t\t\t\n<style>\n#col-2078659156 > .col-inner {\n  padding: 0px 0px 0px 0px;\n  margin: 0px 0px 0px 0px;\n}\n<\/style>\n\t<\/div>\n\n\t\n\n\t<div id=\"col-1824393098\" class=\"col medium-6 small-12 large-6\"  data-animate=\"bounceIn\">\n\t\t\t\t<div class=\"col-inner text-center\"  >\n\t\t\t\n\t\t\t\n\n\t<div id=\"text-1018485203\" class=\"text\">\n\t\t\n\n<p>En Grupo Castelli, proporcionamos servicios de ingenier\u00eda para la construcci\u00f3n de naves industriales, asegurando proyectos seguros, eficientes y funcionales. Desarrollamos soluciones innovadoras y personalizadas para cada empresa, garantizando altos est\u00e1ndares de calidad a trav\u00e9s de un enfoque t\u00e9cnico especializado<\/p>\n\t\t\n<style>\n#text-1018485203 {\n  text-align: left;\n  color: rgb(0,0,0);\n}\n#text-1018485203 > * {\n  color: rgb(0,0,0);\n}\n<\/style>\n\t<\/div>\n\t\n\n\t\t<\/div>\n\t\t\t\t\n<style>\n#col-1824393098 > .col-inner {\n  padding: 0px 0px 0px 0px;\n  margin: 0px 0px 0px 0px;\n}\n<\/style>\n\t<\/div>\n\n\t\n\n<\/div>\n\n\t\t<\/div>\n\n\t\t\n<style>\n#section_385592444 {\n  padding-top: 30px;\n  padding-bottom: 30px;\n}\n#section_385592444 .section-bg img {\n  object-position: 0% 70%;\n}\n<\/style>\n\t<\/section>\n\t\n\n\t<section class=\"section\" id=\"section_386930160\">\n\t\t<div class=\"section-bg fill\" >\n\t\t\t\t\t\t\t\t\t\n\t\t\t\n\n\t\t<\/div>\n\n\t\t\n\n\t\t<div class=\"section-content relative\">\n\t\t\t\n\n<div class=\"row row-full-width\"  id=\"row-754018229\">\n\n\n\t<div id=\"col-948990145\" class=\"col small-12 large-12\"  >\n\t\t\t\t<div class=\"col-inner\"  >\n\t\t\t\n\t\t\t\n\n\t<div id=\"text-1882552986\" class=\"text\">\n\t\t\n\n<h1>INGENIER\u00cdAS APLICADAS<\/h1>\n\t\t\n<style>\n#text-1882552986 {\n  font-size: 1.75rem;\n  text-align: center;\n  color: rgb(255, 255, 255);\n}\n#text-1882552986 > * {\n  color: rgb(255, 255, 255);\n}\n<\/style>\n\t<\/div>\n\t\n\n\t\t<\/div>\n\t\t\t\t\t<\/div>\n\n\t\n\n\n<style>\n#row-754018229 > .col > .col-inner {\n  padding: 40px 0px 0px 0px;\n}\n<\/style>\n<\/div>\n<div class=\"row row-full-width align-equal align-center\"  id=\"row-983958415\">\n\n\n\t<div id=\"col-1992099536\" class=\"col medium-12 small-12 large-4\"  >\n\t\t\t\t<div class=\"col-inner\"  >\n\t\t\t\n\t\t\t\n\n\t<div class=\"img has-hover x md-x lg-x y md-y lg-y\" id=\"image_1824912612\">\n\t\t\t\t\t\t\t\t<div class=\"img-inner dark\" >\n\t\t\t<img loading=\"lazy\" decoding=\"async\" width=\"1100\" height=\"450\" src=\"https:\/\/grupocastelli.com\/wp-content\/uploads\/2026\/02\/Ingenierias-GC-01.jpg\" class=\"attachment-original size-original\" alt=\"\" srcset=\"https:\/\/grupocastelli.com\/wp-content\/uploads\/2026\/02\/Ingenierias-GC-01.jpg 1100w, https:\/\/grupocastelli.com\/wp-content\/uploads\/2026\/02\/Ingenierias-GC-01-300x123.jpg 300w, https:\/\/grupocastelli.com\/wp-content\/uploads\/2026\/02\/Ingenierias-GC-01-1024x419.jpg 1024w, https:\/\/grupocastelli.com\/wp-content\/uploads\/2026\/02\/Ingenierias-GC-01-768x314.jpg 768w, https:\/\/grupocastelli.com\/wp-content\/uploads\/2026\/02\/Ingenierias-GC-01-18x7.jpg 18w\" sizes=\"auto, (max-width: 1100px) 100vw, 1100px\" \/>\t\t\t\t\t\t\n\t\t\t\t\t<\/div>\n\t\t\t\t\t\t\t\t\n<style>\n#image_1824912612 {\n  width: 100%;\n}\n<\/style>\n\t<\/div>\n\t\n\n\n\t\t<\/div>\n\t\t\t\t\t<\/div>\n\n\t\n\n\t<div id=\"col-1110586206\" class=\"col hide-for-medium medium-4 small-12 large-4\"  >\n\t\t\t\t<div class=\"col-inner text-left\"  >\n\t\t\t\n\t\t\t\n\n\t<div class=\"img has-hover x md-x lg-x y md-y lg-y\" id=\"image_560842437\">\n\t\t\t\t\t\t\t\t<div class=\"img-inner dark\" >\n\t\t\t<img loading=\"lazy\" decoding=\"async\" width=\"1100\" height=\"450\" src=\"https:\/\/grupocastelli.com\/wp-content\/uploads\/2026\/02\/Ingenierias-GC-02.jpg\" class=\"attachment-original size-original\" alt=\"\" srcset=\"https:\/\/grupocastelli.com\/wp-content\/uploads\/2026\/02\/Ingenierias-GC-02.jpg 1100w, https:\/\/grupocastelli.com\/wp-content\/uploads\/2026\/02\/Ingenierias-GC-02-300x123.jpg 300w, https:\/\/grupocastelli.com\/wp-content\/uploads\/2026\/02\/Ingenierias-GC-02-1024x419.jpg 1024w, https:\/\/grupocastelli.com\/wp-content\/uploads\/2026\/02\/Ingenierias-GC-02-768x314.jpg 768w, https:\/\/grupocastelli.com\/wp-content\/uploads\/2026\/02\/Ingenierias-GC-02-18x7.jpg 18w\" sizes=\"auto, (max-width: 1100px) 100vw, 1100px\" \/>\t\t\t\t\t\t\n\t\t\t\t\t<\/div>\n\t\t\t\t\t\t\t\t\n<style>\n#image_560842437 {\n  width: 100%;\n}\n<\/style>\n\t<\/div>\n\t\n\n\n\t\t<\/div>\n\t\t\t\t\t<\/div>\n\n\t\n\n\t<div id=\"col-629261670\" class=\"col medium-12 small-12 large-4 medium-col-first\"  >\n\t\t\t\t<div class=\"col-inner text-left\"  >\n\t\t\t\n\t\t\t\n\n\t<div class=\"img has-hover x md-x lg-x y md-y lg-y\" id=\"image_899238030\">\n\t\t\t\t\t\t\t\t<div class=\"img-inner dark\" >\n\t\t\t<img loading=\"lazy\" decoding=\"async\" width=\"1100\" height=\"450\" src=\"https:\/\/grupocastelli.com\/wp-content\/uploads\/2026\/02\/Ingenierias-GC-03.jpg\" class=\"attachment-original size-original\" alt=\"\" srcset=\"https:\/\/grupocastelli.com\/wp-content\/uploads\/2026\/02\/Ingenierias-GC-03.jpg 1100w, https:\/\/grupocastelli.com\/wp-content\/uploads\/2026\/02\/Ingenierias-GC-03-300x123.jpg 300w, https:\/\/grupocastelli.com\/wp-content\/uploads\/2026\/02\/Ingenierias-GC-03-1024x419.jpg 1024w, https:\/\/grupocastelli.com\/wp-content\/uploads\/2026\/02\/Ingenierias-GC-03-768x314.jpg 768w, https:\/\/grupocastelli.com\/wp-content\/uploads\/2026\/02\/Ingenierias-GC-03-18x7.jpg 18w\" sizes=\"auto, (max-width: 1100px) 100vw, 1100px\" \/>\t\t\t\t\t\t\n\t\t\t\t\t<\/div>\n\t\t\t\t\t\t\t\t\n<style>\n#image_899238030 {\n  width: 100%;\n}\n<\/style>\n\t<\/div>\n\t\n\n\n\t\t<\/div>\n\t\t\t\t\t<\/div>\n\n\t\n\n<\/div>\n<div class=\"row row-full-width align-equal align-center\"  id=\"row-306610469\">\n\n\n\t<div id=\"col-2012925369\" class=\"col medium-12 small-12 large-4\"  >\n\t\t\t\t<div class=\"col-inner\"  >\n\t\t\t\n\t\t\t\n\n\t<div class=\"img has-hover x md-x lg-x y md-y lg-y\" id=\"image_44467356\">\n\t\t\t\t\t\t\t\t<div class=\"img-inner dark\" >\n\t\t\t<img loading=\"lazy\" decoding=\"async\" width=\"1100\" height=\"450\" src=\"https:\/\/grupocastelli.com\/wp-content\/uploads\/2026\/02\/Ingenierias-GC-04.jpg\" class=\"attachment-original size-original\" alt=\"\" srcset=\"https:\/\/grupocastelli.com\/wp-content\/uploads\/2026\/02\/Ingenierias-GC-04.jpg 1100w, https:\/\/grupocastelli.com\/wp-content\/uploads\/2026\/02\/Ingenierias-GC-04-300x123.jpg 300w, https:\/\/grupocastelli.com\/wp-content\/uploads\/2026\/02\/Ingenierias-GC-04-1024x419.jpg 1024w, https:\/\/grupocastelli.com\/wp-content\/uploads\/2026\/02\/Ingenierias-GC-04-768x314.jpg 768w, https:\/\/grupocastelli.com\/wp-content\/uploads\/2026\/02\/Ingenierias-GC-04-18x7.jpg 18w\" sizes=\"auto, (max-width: 1100px) 100vw, 1100px\" \/>\t\t\t\t\t\t\n\t\t\t\t\t<\/div>\n\t\t\t\t\t\t\t\t\n<style>\n#image_44467356 {\n  width: 100%;\n}\n<\/style>\n\t<\/div>\n\t\n\n\n\t\t<\/div>\n\t\t\t\t\t<\/div>\n\n\t\n\n\t<div id=\"col-764103822\" class=\"col hide-for-medium medium-4 small-12 large-4\"  >\n\t\t\t\t<div class=\"col-inner text-left\"  >\n\t\t\t\n\t\t\t\n\n\t<div class=\"img has-hover x md-x lg-x y md-y lg-y\" id=\"image_1889951305\">\n\t\t\t\t\t\t\t\t<div class=\"img-inner dark\" >\n\t\t\t<img loading=\"lazy\" decoding=\"async\" width=\"1100\" height=\"450\" src=\"https:\/\/grupocastelli.com\/wp-content\/uploads\/2026\/02\/Ingenierias-GC-05.jpg\" class=\"attachment-original size-original\" alt=\"\" srcset=\"https:\/\/grupocastelli.com\/wp-content\/uploads\/2026\/02\/Ingenierias-GC-05.jpg 1100w, https:\/\/grupocastelli.com\/wp-content\/uploads\/2026\/02\/Ingenierias-GC-05-300x123.jpg 300w, https:\/\/grupocastelli.com\/wp-content\/uploads\/2026\/02\/Ingenierias-GC-05-1024x419.jpg 1024w, https:\/\/grupocastelli.com\/wp-content\/uploads\/2026\/02\/Ingenierias-GC-05-768x314.jpg 768w, https:\/\/grupocastelli.com\/wp-content\/uploads\/2026\/02\/Ingenierias-GC-05-18x7.jpg 18w\" sizes=\"auto, (max-width: 1100px) 100vw, 1100px\" \/>\t\t\t\t\t\t\n\t\t\t\t\t<\/div>\n\t\t\t\t\t\t\t\t\n<style>\n#image_1889951305 {\n  width: 100%;\n}\n<\/style>\n\t<\/div>\n\t\n\n\n\t\t<\/div>\n\t\t\t\t\t<\/div>\n\n\t\n\n\t<div id=\"col-590015698\" class=\"col medium-12 small-12 large-4 medium-col-first\"  >\n\t\t\t\t<div class=\"col-inner text-left\"  >\n\t\t\t\n\t\t\t\n\n\t<div class=\"img has-hover x md-x lg-x y md-y lg-y\" id=\"image_1606430101\">\n\t\t\t\t\t\t\t\t<div class=\"img-inner dark\" >\n\t\t\t<img loading=\"lazy\" decoding=\"async\" width=\"1100\" height=\"450\" src=\"https:\/\/grupocastelli.com\/wp-content\/uploads\/2026\/02\/Ingenierias-GC-06.jpg\" class=\"attachment-original size-original\" alt=\"\" srcset=\"https:\/\/grupocastelli.com\/wp-content\/uploads\/2026\/02\/Ingenierias-GC-06.jpg 1100w, https:\/\/grupocastelli.com\/wp-content\/uploads\/2026\/02\/Ingenierias-GC-06-300x123.jpg 300w, https:\/\/grupocastelli.com\/wp-content\/uploads\/2026\/02\/Ingenierias-GC-06-1024x419.jpg 1024w, https:\/\/grupocastelli.com\/wp-content\/uploads\/2026\/02\/Ingenierias-GC-06-768x314.jpg 768w, https:\/\/grupocastelli.com\/wp-content\/uploads\/2026\/02\/Ingenierias-GC-06-18x7.jpg 18w\" sizes=\"auto, (max-width: 1100px) 100vw, 1100px\" \/>\t\t\t\t\t\t\n\t\t\t\t\t<\/div>\n\t\t\t\t\t\t\t\t\n<style>\n#image_1606430101 {\n  width: 100%;\n}\n<\/style>\n\t<\/div>\n\t\n\n\n\t\t<\/div>\n\t\t\t\t\t<\/div>\n\n\t\n\n\n<style>\n#row-306610469 > .col > .col-inner {\n  padding: 0px 0px 40px 0px;\n}\n<\/style>\n<\/div>\n\n\t\t<\/div>\n\n\t\t\n<style>\n#section_386930160 {\n  padding-top: 0px;\n  padding-bottom: 0px;\n  background-color: rgb(9, 9, 9);\n}\n<\/style>\n\t<\/section>","protected":false},"excerpt":{"rendered":"","protected":false},"author":4,"featured_media":0,"parent":0,"menu_order":0,"comment_status":"closed","ping_status":"closed","template":"page-transparent-header-light.php","meta":{"footnotes":""},"class_list":["post-52","page","type-page","status-publish","hentry"],"_links":{"self":[{"href":"https:\/\/grupocastelli.com\/en\/wp-json\/wp\/v2\/pages\/52","targetHints":{"allow":["GET"]}}],"collection":[{"href":"https:\/\/grupocastelli.com\/en\/wp-json\/wp\/v2\/pages"}],"about":[{"href":"https:\/\/grupocastelli.com\/en\/wp-json\/wp\/v2\/types\/page"}],"author":[{"embeddable":true,"href":"https:\/\/grupocastelli.com\/en\/wp-json\/wp\/v2\/users\/4"}],"replies":[{"embeddable":true,"href":"https:\/\/grupocastelli.com\/en\/wp-json\/wp\/v2\/comments?post=52"}],"version-history":[{"count":6,"href":"https:\/\/grupocastelli.com\/en\/wp-json\/wp\/v2\/pages\/52\/revisions"}],"predecessor-version":[{"id":911,"href":"https:\/\/grupocastelli.com\/en\/wp-json\/wp\/v2\/pages\/52\/revisions\/911"}],"wp:attachment":[{"href":"https:\/\/grupocastelli.com\/en\/wp-json\/wp\/v2\/media?parent=52"}],"curies":[{"name":"wp","href":"https:\/\/api.w.org\/{rel}","templated":true}]}}